{"id":3540,"date":"2024-05-29T09:14:22","date_gmt":"2024-05-29T13:14:22","guid":{"rendered":"https:\/\/www.infotechmontreal.com\/services\/server-management\/"},"modified":"2024-09-11T14:11:30","modified_gmt":"2024-09-11T18:11:30","slug":"gestion-des-serveurs","status":"publish","type":"page","link":"https:\/\/www.infotechmontreal.com\/fr\/services-informatiques\/gestion-des-serveurs\/","title":{"rendered":"Gestion des Serveurs"},"content":{"rendered":"\n<style type=\"text\/css\" data-created_by=\"avia_inline_auto\" id=\"style-css-av-nj861-c750dca1200856a277f13af4dd124d85\">\n.avia-section.av-nj861-c750dca1200856a277f13af4dd124d85{\nbackground-repeat:no-repeat;\nbackground-image:url(https:\/\/www.infotechmontreal.com\/wp-content\/uploads\/2020\/05\/cyan-angle-reversed-01.png);\nbackground-position:100% 0%;\nbackground-attachment:scroll;\n}\n<\/style>\n<div id='av_section_1'  class='avia-section av-nj861-c750dca1200856a277f13af4dd124d85 main_color avia-section-default avia-no-border-styling  avia-builder-el-0  el_before_av_section  avia-builder-el-first  avia-bg-style-scroll container_wrap sidebar_right'  data-section-bg-repeat='no-repeat'><div class='container av-section-cont-open' ><main  role=\"main\" itemprop=\"mainContentOfPage\"  class='template-page content  av-content-small alpha units'><div class='post-entry post-entry-type-page post-entry-3540'><div class='entry-content-wrapper clearfix'>\n\n<style type=\"text\/css\" data-created_by=\"avia_inline_auto\" id=\"style-css-av-kaidzxie-3f934489f8a0cb69e107b452c92b6f53\">\n#top .hr.hr-invisible.av-kaidzxie-3f934489f8a0cb69e107b452c92b6f53{\nheight:60px;\n}\n<\/style>\n<div  class='hr av-kaidzxie-3f934489f8a0cb69e107b452c92b6f53 hr-invisible  avia-builder-el-1  el_before_av_one_half  avia-builder-el-first '><span class='hr-inner '><span class=\"hr-inner-style\"><\/span><\/span><\/div>\n\n<style type=\"text\/css\" data-created_by=\"avia_inline_auto\" id=\"style-css-av-fz2bt-1ef1936ef7a59251bd8359b75141a0ce\">\n.flex_column.av-fz2bt-1ef1936ef7a59251bd8359b75141a0ce{\n-webkit-border-radius:0px 0px 0px 0px;\n-moz-border-radius:0px 0px 0px 0px;\nborder-radius:0px 0px 0px 0px;\npadding:0px 0px 0px 0px;\n}\n<\/style>\n<div class='flex_column av-fz2bt-1ef1936ef7a59251bd8359b75141a0ce av_one_half  avia-builder-el-2  el_after_av_hr  el_before_av_one_half  first flex_column_div av-zero-column-padding '     ><section  class='av_textblock_section av-apmvt-94701e1527e5cddc01e1b887bee5ec33'  itemscope=\"itemscope\" itemtype=\"https:\/\/schema.org\/CreativeWork\" ><div class='avia_textblock'  itemprop=\"text\" ><h1>GESTION DES SERVEURS<\/h1>\n<\/div><\/section><br \/>\n\n<style type=\"text\/css\" data-created_by=\"avia_inline_auto\" id=\"style-css-av-kaidzxie-8-31eb9e53e381afa4019abdf2edacd6dc\">\n#top .hr.av-kaidzxie-8-31eb9e53e381afa4019abdf2edacd6dc{\nmargin-top:10px;\nmargin-bottom:30px;\n}\n.hr.av-kaidzxie-8-31eb9e53e381afa4019abdf2edacd6dc .hr-inner{\nwidth:15%;\nborder-color:#afd135;\n}\n<\/style>\n<div  class='hr av-kaidzxie-8-31eb9e53e381afa4019abdf2edacd6dc hr-custom  avia-builder-el-4  el_after_av_textblock  avia-builder-el-last  hr-left hr-icon-no'><span class='hr-inner inner-border-av-border-thin'><span class=\"hr-inner-style\"><\/span><\/span><\/div><\/p><\/div><div class='flex_column av-2j2yus-cd426e39ac632aa160eb3192b08e4775 av_one_half  avia-builder-el-5  el_after_av_one_half  el_before_av_hr  flex_column_div '     ><style type=\"text\/css\" data-created_by=\"avia_inline_auto\" id=\"style-css-av-m0gz4m1p-c5d6a08cd057253af65da48dc7a713b7\">\n.avia-video.av-m0gz4m1p-c5d6a08cd057253af65da48dc7a713b7{\nbackground-image:url(https:\/\/www.infotechmontreal.com\/wp-content\/uploads\/2024\/08\/SERVER-MANAGEMENT_FR.png);\n}\n<\/style>\n<div  class='avia-video av-m0gz4m1p-c5d6a08cd057253af65da48dc7a713b7 avia-video-16-9 av-preview-image avia-video-lightbox av-lazyload-video-embed avia-video-standard-html'  itemprop=\"video\" itemtype=\"https:\/\/schema.org\/VideoObject\"  data-original_url='https:\/\/www.youtube.com\/embed\/QAMMWN4on9M'><script type='text\/html' class='av-video-tmpl'><a href='https:\/\/www.youtube.com\/embed\/QAMMWN4on9M' rel='lightbox' class='mfp-iframe lightbox-link'><\/a><\/script><div class=\"av-click-to-play-overlay play-lightbox\"><div class=\"avia_playpause_icon\"><\/div><\/div><\/div><\/div><div  class='hr av-av_hr-91d7ccd583a503147498e120fee2ff9b hr-default  avia-builder-el-7  el_after_av_one_half  el_before_av_one_fifth '><span class='hr-inner '><span class=\"hr-inner-style\"><\/span><\/span><\/div>\n\n<style type=\"text\/css\" data-created_by=\"avia_inline_auto\" id=\"style-css-av-fz2bt-7-6e7c6f51aabcb50223b3d5500e6ca4a3\">\n.flex_column.av-fz2bt-7-6e7c6f51aabcb50223b3d5500e6ca4a3{\n-webkit-border-radius:0px 0px 0px 0px;\n-moz-border-radius:0px 0px 0px 0px;\nborder-radius:0px 0px 0px 0px;\npadding:0px 0px 0px 0px;\n}\n<\/style>\n<div class='flex_column av-fz2bt-7-6e7c6f51aabcb50223b3d5500e6ca4a3 av_one_fifth  avia-builder-el-8  el_after_av_hr  el_before_av_four_fifth  first flex_column_div av-zero-column-padding '     ><style type=\"text\/css\" data-created_by=\"avia_inline_auto\" id=\"style-css-av-7i2x5h-371f6077f08c7a3dc46502ccb55d4a90\">\n.avia-image-container.av-7i2x5h-371f6077f08c7a3dc46502ccb55d4a90 img.avia_image{\nbox-shadow:none;\n}\n.avia-image-container.av-7i2x5h-371f6077f08c7a3dc46502ccb55d4a90 .av-image-caption-overlay-center{\ncolor:#ffffff;\n}\n<\/style>\n<div  class='avia-image-container av-7i2x5h-371f6077f08c7a3dc46502ccb55d4a90 av-styling- avia_animated_image av-animated-when-visible-95 pop-up avia-align-center  avia-builder-el-9  avia-builder-el-no-sibling '   itemprop=\"image\" itemscope=\"itemscope\" itemtype=\"https:\/\/schema.org\/ImageObject\" ><div class=\"avia-image-container-inner\"><div class=\"avia-image-overlay-wrap\"><img decoding=\"async\" class='wp-image-3537 avia-img-lazy-loading-not-3537 avia_image ' src=\"https:\/\/www.infotechmontreal.com\/wp-content\/uploads\/2021\/06\/server-management.png\" alt='' title='server-management'  height=\"947\" width=\"897\"  itemprop=\"thumbnailUrl\" srcset=\"https:\/\/www.infotechmontreal.com\/wp-content\/uploads\/2021\/06\/server-management.png 897w, https:\/\/www.infotechmontreal.com\/wp-content\/uploads\/2021\/06\/server-management-284x300.png 284w, https:\/\/www.infotechmontreal.com\/wp-content\/uploads\/2021\/06\/server-management-768x811.png 768w, https:\/\/www.infotechmontreal.com\/wp-content\/uploads\/2021\/06\/server-management-668x705.png 668w\" sizes=\"(max-width: 897px) 100vw, 897px\" \/><\/div><\/div><\/div><\/div>\n<style type=\"text\/css\" data-created_by=\"avia_inline_auto\" id=\"style-css-av-fz2bt-4-ea0026391a71f509007811902874c4ab\">\n.flex_column.av-fz2bt-4-ea0026391a71f509007811902874c4ab{\n-webkit-border-radius:0px 0px 0px 0px;\n-moz-border-radius:0px 0px 0px 0px;\nborder-radius:0px 0px 0px 0px;\npadding:0px 0px 0px 0px;\n}\n<\/style>\n<div class='flex_column av-fz2bt-4-ea0026391a71f509007811902874c4ab av_four_fifth  avia-builder-el-10  el_after_av_one_fifth  el_before_av_hr  flex_column_div av-zero-column-padding '     ><section  class='av_textblock_section av-apmvt-6-ea0bf0d0dbc8304a0a55db383c788fa6'  itemscope=\"itemscope\" itemtype=\"https:\/\/schema.org\/CreativeWork\" ><div class='avia_textblock'  itemprop=\"text\" ><h2>SERVEUR AUTONOME OU VM ?<\/h2>\n<p><strong><span style=\"color: #afd135;\">De nombreuses entreprises poss\u00e8dent encore des serveurs physiques \u00ab sur site \u00bb et utilisent la technologie de virtualisation pour maximiser leur investissement dans le mat\u00e9riel physique !<\/span><\/strong><\/p>\n<p>Nous vendons, installons et entretenons des serveurs physiques et g\u00e9rons la technologie de virtualisation pour nos clients. Le terme VM signifie \u00ab Virtual Machine \u00bb ou \u00ab machine virtuelle \u00bb. Plusieurs VM peuvent \u00eatre install\u00e9es sur un seul serveur physique afin de profiter de l&rsquo;\u00e9norme puissance de traitement du mat\u00e9riel actuel. Pour ce faire, nous travaillons fr\u00e9quemment avec les logiciels Hyper-V et VMWare ESXi. Chacun de ces logiciels a ses forces et ses faiblesses, ainsi que des objectifs diff\u00e9rents ! Nous d\u00e9ployons celui qui est le plus adapt\u00e9 \u00e0 votre environnement. Nous savons que vous allez dire : \u00ab De quoi parlent-ils exactement ? \u00bb, mais ne vous en faites pas. Nous travaillons avec des serveurs physiques et des machines virtuelles depuis de nombreuses ann\u00e9es. Nous serons donc en mesure de vous expliquer tout cela et de vous guider vers la bonne technologie pour r\u00e9pondre \u00e0 vos besoins. Surtout, ne vous inqui\u00e9tez pas !<\/p>\n<\/div><\/section><\/div>\n<style type=\"text\/css\" data-created_by=\"avia_inline_auto\" id=\"style-css-av-kaidzxie-5-629077db37e3ed07a023b0a5801b703c\">\n#top .hr.hr-invisible.av-kaidzxie-5-629077db37e3ed07a023b0a5801b703c{\nheight:60px;\n}\n<\/style>\n<div  class='hr av-kaidzxie-5-629077db37e3ed07a023b0a5801b703c hr-invisible  avia-builder-el-12  el_after_av_four_fifth  avia-builder-el-last  av-desktop-hide'><span class='hr-inner '><span class=\"hr-inner-style\"><\/span><\/span><\/div>\n<\/div><\/div><\/main><!-- close content main element --><\/div><\/div>\n<style type=\"text\/css\" data-created_by=\"avia_inline_auto\" id=\"style-css-av-2mzjul-a886bc952121fd4f05e713705d6096a8\">\n.avia-section.av-2mzjul-a886bc952121fd4f05e713705d6096a8{\nbackground-color:#f8f8f8;\nbackground-image:unset;\n}\n<\/style>\n<div id='av_section_2'  class='avia-section av-2mzjul-a886bc952121fd4f05e713705d6096a8 main_color avia-section-large avia-no-border-styling  avia-builder-el-13  el_after_av_section  el_before_av_section  avia-bg-style-scroll container_wrap sidebar_right'  ><div class='container av-section-cont-open' ><div class='template-page content  av-content-small alpha units'><div class='post-entry post-entry-type-page post-entry-3540'><div class='entry-content-wrapper clearfix'>\n\n<style type=\"text\/css\" data-created_by=\"avia_inline_auto\" id=\"style-css-av-fz2bt-3-19665c5ed0783d5b6d744f01000fa783\">\n.flex_column.av-fz2bt-3-19665c5ed0783d5b6d744f01000fa783{\n-webkit-border-radius:0px 0px 0px 0px;\n-moz-border-radius:0px 0px 0px 0px;\nborder-radius:0px 0px 0px 0px;\npadding:0px 0px 0px 0px;\n}\n<\/style>\n<div class='flex_column av-fz2bt-3-19665c5ed0783d5b6d744f01000fa783 av_two_third  avia-builder-el-14  el_before_av_one_third  avia-builder-el-first  first flex_column_div av-zero-column-padding '     ><section  class='av_textblock_section av-apmvt-2-69b7aee5779828b0b50c6013d9c99525'  itemscope=\"itemscope\" itemtype=\"https:\/\/schema.org\/CreativeWork\" ><div class='avia_textblock'  itemprop=\"text\" ><h2>POURQUOI VOUDRAIS-JE AVOIR UN SERVEUR SUR MON SITE ?<\/h2>\n<p>De nombreuses entreprises se posent cette question, en raison des discussions au sujet de \u00ab l\u2019infonuagique \u00bb et de la popularit\u00e9 de ce type de solutions. \u00c0 juste titre, il est difficile de savoir quoi faire. En g\u00e9n\u00e9ral, une solution sur site sera toujours d\u00e9ploy\u00e9e lorsqu&rsquo;il existe un logiciel de base de donn\u00e9es ou sera d\u00e9ploy\u00e9e dans l&rsquo;environnement qui ne peut pas fonctionner dans l\u2019infonuagique; ou lorsque des mesures de s\u00e9curit\u00e9 sont en place et interdisent aux serveurs d&rsquo;\u00eatre dans des centres de donn\u00e9es (infonuagique). De plus, les grands bureaux qui se d\u00e9veloppent ou qui connaissent une forte rotation du personnel peuvent souhaiter disposer de serveurs de messagerie et de bases de donn\u00e9es \u00e0 l\u2019interne, g\u00e9n\u00e9ralement parce que les co\u00fbts de d\u00e9ploiement de l\u2019infonuagique seraient prohibitifs. Enfin, il y a encore des entreprises qui n&rsquo;aiment pas \u00ab l\u2019infonuagique \u00bb ou qui ne lui font pas confiance et qui veulent conserver toutes leurs pr\u00e9cieuses donn\u00e9es et leurs \u00ab affaires \u00bb \u00e0 l\u2019interne. Nous on dit \u00e0 tout cela, c\u2019est beau, demandez-nous plut\u00f4t comment nous pouvons vous aider \u00e0 prendre cette d\u00e9cision difficile !<\/p>\n<\/div><\/section><\/div><div class='flex_column av-237jv8-037c17fc484a5504cf4b201f3c2614e5 av_one_third  avia-builder-el-16  el_after_av_two_third  avia-builder-el-last  flex_column_div '     ><div  class='avia-button-wrap avia-button-center  avia-builder-el-17  avia-builder-el-no-sibling '>\n<style type=\"text\/css\" data-created_by=\"avia_inline_auto\" id=\"style-css-av-m073jhom-b97f1895464572e984aae904e5b83a21\">\n#top #wrap_all .avia-button.av-m073jhom-b97f1895464572e984aae904e5b83a21{\nfont-size:16px;\n}\n#top #wrap_all .avia-button.av-m073jhom-b97f1895464572e984aae904e5b83a21:hover{\ncolor:white;\n-webkit-transition:all 0.4s ease-in-out;\n-moz-transition:all 0.4s ease-in-out;\n-ms-transition:all 0.4s ease-in-out;\n-o-transition:all 0.4s ease-in-out;\ntransition:all 0.4s ease-in-out;\n}\n<\/style>\n<a href='https:\/\/www.infotechmontreal.com\/fr\/nous-joindre\/demande-evaluation-ti\/' class='avia-color-theme-color avia-font-color-theme-color avia-button avia-button-fullwidth av-m073jhom-b97f1895464572e984aae904e5b83a21 avia-icon_select-no avia-color-theme-color'  ><span class='avia_iconbox_title' >DEMANDEZ UNE \u00c9VALUATION INFORMATIQUE<\/span><span class='avia_button_background avia-button avia-button-fullwidth avia-color-theme-color-highlight'><\/span><\/a><\/div><\/div>\n<\/p>\n<\/div><\/div><\/div><!-- close content main div --><\/div><\/div><div id='av_section_3'  class='avia-section av-hyu1hg-b16489d304c68c6824ef2ad7cfec10d2 main_color avia-section-default avia-no-border-styling  avia-builder-el-18  el_after_av_section  el_before_av_section  avia-bg-style-scroll container_wrap sidebar_right'  ><div class='container av-section-cont-open' ><div class='template-page content  av-content-small alpha units'><div class='post-entry post-entry-type-page post-entry-3540'><div class='entry-content-wrapper clearfix'>\n<section  class='av_textblock_section av-lxys41e0-78d98f61daf77ea945ccd102b1ad708b'  itemscope=\"itemscope\" itemtype=\"https:\/\/schema.org\/CreativeWork\" ><div class='avia_textblock'  itemprop=\"text\" ><h2>AVANTAGES<\/h2>\n<\/div><\/section>\n<div class='flex_column av-fciz9g-abcf1078567db3084c4f8590e346e258 av_one_fifth  avia-builder-el-20  el_after_av_textblock  el_before_av_one_fifth  first flex_column_div column-top-margin'     ><section  class='av_textblock_section av-lxys6q6t-dc79918a2c5cee731e6d9d65622d87b1'  itemscope=\"itemscope\" itemtype=\"https:\/\/schema.org\/CreativeWork\" ><div class='avia_textblock'  itemprop=\"text\" ><blockquote>\n<p><strong>Une charge unique<\/strong>avec peu ou pas de frais mensuels<\/p>\n<\/blockquote>\n<\/div><\/section><\/div><div class='flex_column av-e62rtw-6c2cd9356246fac2d626510fb7811924 av_one_fifth  avia-builder-el-22  el_after_av_one_fifth  el_before_av_one_fifth  flex_column_div column-top-margin'     ><section  class='av_textblock_section av-cnsolw-c2c5400015acc133d47bac15f7dd5bbc'  itemscope=\"itemscope\" itemtype=\"https:\/\/schema.org\/CreativeWork\" ><div class='avia_textblock'  itemprop=\"text\" ><blockquote>\n<p>La <strong>virtualisation<\/strong> permet de r\u00e9duire les co\u00fbts et d\u2019optimiser les ressources mat\u00e9rielles.<\/p>\n<\/blockquote>\n<\/div><\/section><\/div><div class='flex_column av-bi01xw-84fe5e02a6369f49472af0e703e6fdad av_one_fifth  avia-builder-el-24  el_after_av_one_fifth  el_before_av_one_fifth  flex_column_div column-top-margin'     ><section  class='av_textblock_section av-8m7cc4-97f6038a1a9242d1968080a154a4af34'  itemscope=\"itemscope\" itemtype=\"https:\/\/schema.org\/CreativeWork\" ><div class='avia_textblock'  itemprop=\"text\" ><blockquote>\n<p><strong>Acc\u00e8s complet<\/strong> \u00e0 votre serveur \u00e0 tout moment<\/p>\n<\/blockquote>\n<\/div><\/section><\/div><div class='flex_column av-7vmc6c-aa0695923da46058f901c2f61441fa93 av_one_fifth  avia-builder-el-26  el_after_av_one_fifth  el_before_av_one_fifth  flex_column_div column-top-margin'     ><section  class='av_textblock_section av-5r7ztw-616536612277dab061b8568fd6cfa6f8'  itemscope=\"itemscope\" itemtype=\"https:\/\/schema.org\/CreativeWork\" ><div class='avia_textblock'  itemprop=\"text\" ><blockquote>\n<p>Frais mensuels <strong>moins \u00e9lev\u00e9s<\/strong> que ceux d\u2019un serveur colocalis\u00e9 ou en infonuagique<\/p>\n<\/blockquote>\n<\/div><\/section><\/div><div class='flex_column av-4hju0k-e062f6133be82913da78418345dc377d av_one_fifth  avia-builder-el-28  el_after_av_one_fifth  avia-builder-el-last  flex_column_div column-top-margin'     ><section  class='av_textblock_section av-8fsdg-96976a9a55c60283f9d7f5acee680726'  itemscope=\"itemscope\" itemtype=\"https:\/\/schema.org\/CreativeWork\" ><div class='avia_textblock'  itemprop=\"text\" ><blockquote>\n<p><strong>Tranquillit\u00e9 d\u2019esprit<\/strong> pour les 3 \u00e0 5 prochaines ann\u00e9es<\/p>\n<\/blockquote>\n<\/div><\/section><\/div>\n\n<\/div><\/div><\/div><!-- close content main div --><\/div><\/div>\n<style type=\"text\/css\" data-created_by=\"avia_inline_auto\" id=\"style-css-av-lxysq77m-508947d8c27ea735cfb7360ded7e6874\">\n.avia-section.av-lxysq77m-508947d8c27ea735cfb7360ded7e6874{\nbackground-repeat:no-repeat;\nbackground-image:url(https:\/\/www.infotechmontreal.com\/wp-content\/uploads\/2024\/06\/single-green-angle.png);\nbackground-position:0% 100%;\nbackground-attachment:scroll;\n}\n<\/style>\n<div id='av_section_4'  class='avia-section av-lxysq77m-508947d8c27ea735cfb7360ded7e6874 main_color avia-section-large avia-no-border-styling  avia-builder-el-30  el_after_av_section  avia-builder-el-last  avia-bg-style-scroll container_wrap sidebar_right'  data-section-bg-repeat='no-repeat'><div class='container av-section-cont-open' ><div class='template-page content  av-content-small alpha units'><div class='post-entry post-entry-type-page post-entry-3540'><div class='entry-content-wrapper clearfix'>\n\n<style type=\"text\/css\" data-created_by=\"avia_inline_auto\" id=\"style-css-av-lxysnl8k-dbc0dd2f78a69195f8561ea6d4de4b65\">\n#top .hr.hr-invisible.av-lxysnl8k-dbc0dd2f78a69195f8561ea6d4de4b65{\nheight:60px;\n}\n<\/style>\n<div  class='hr av-lxysnl8k-dbc0dd2f78a69195f8561ea6d4de4b65 hr-invisible  avia-builder-el-31  avia-builder-el-no-sibling '><span class='hr-inner '><span class=\"hr-inner-style\"><\/span><\/span><\/div>\n<\/div><\/div><\/div><!-- close content main div --><\/div><\/div><div id='after_section_4'  class='main_color av_default_container_wrap container_wrap sidebar_right'  ><div class='container av-section-cont-open' ><div class='template-page content  av-content-small alpha units'><div class='post-entry post-entry-type-page post-entry-3540'><div class='entry-content-wrapper clearfix'>\n","protected":false},"excerpt":{"rendered":"","protected":false},"author":8,"featured_media":0,"parent":7010,"menu_order":3,"comment_status":"closed","ping_status":"closed","template":"","meta":{"footnotes":""},"class_list":["post-3540","page","type-page","status-publish","hentry"],"_links":{"self":[{"href":"https:\/\/www.infotechmontreal.com\/fr\/wp-json\/wp\/v2\/pages\/3540","targetHints":{"allow":["GET"]}}],"collection":[{"href":"https:\/\/www.infotechmontreal.com\/fr\/wp-json\/wp\/v2\/pages"}],"about":[{"href":"https:\/\/www.infotechmontreal.com\/fr\/wp-json\/wp\/v2\/types\/page"}],"author":[{"embeddable":true,"href":"https:\/\/www.infotechmontreal.com\/fr\/wp-json\/wp\/v2\/users\/8"}],"replies":[{"embeddable":true,"href":"https:\/\/www.infotechmontreal.com\/fr\/wp-json\/wp\/v2\/comments?post=3540"}],"version-history":[{"count":10,"href":"https:\/\/www.infotechmontreal.com\/fr\/wp-json\/wp\/v2\/pages\/3540\/revisions"}],"predecessor-version":[{"id":8928,"href":"https:\/\/www.infotechmontreal.com\/fr\/wp-json\/wp\/v2\/pages\/3540\/revisions\/8928"}],"up":[{"embeddable":true,"href":"https:\/\/www.infotechmontreal.com\/fr\/wp-json\/wp\/v2\/pages\/7010"}],"wp:attachment":[{"href":"https:\/\/www.infotechmontreal.com\/fr\/wp-json\/wp\/v2\/media?parent=3540"}],"curies":[{"name":"wp","href":"https:\/\/api.w.org\/{rel}","templated":true}]}}