{"id":9055,"date":"2024-09-10T12:23:22","date_gmt":"2024-09-10T16:23:22","guid":{"rendered":"https:\/\/www.infotechmontreal.com\/?page_id=9055"},"modified":"2024-09-11T14:08:59","modified_gmt":"2024-09-11T18:08:59","slug":"loi-25","status":"publish","type":"page","link":"https:\/\/www.infotechmontreal.com\/fr\/ressources\/loi-25\/","title":{"rendered":"Guide loi 25"},"content":{"rendered":"\n<style type=\"text\/css\" data-created_by=\"avia_inline_auto\" id=\"style-css-av-nj861-c750dca1200856a277f13af4dd124d85\">\n.avia-section.av-nj861-c750dca1200856a277f13af4dd124d85{\nbackground-repeat:no-repeat;\nbackground-image:url(https:\/\/www.infotechmontreal.com\/wp-content\/uploads\/2020\/05\/cyan-angle-reversed-01.png);\nbackground-position:100% 0%;\nbackground-attachment:scroll;\n}\n<\/style>\n<div id='av_section_1'  class='avia-section av-nj861-c750dca1200856a277f13af4dd124d85 main_color avia-section-default avia-no-border-styling  avia-builder-el-0  el_before_av_section  avia-builder-el-first  avia-bg-style-scroll container_wrap sidebar_right'  data-section-bg-repeat='no-repeat'><div class='container av-section-cont-open' ><main  role=\"main\" itemprop=\"mainContentOfPage\"  class='template-page content  av-content-small alpha units'><div class='post-entry post-entry-type-page post-entry-9055'><div class='entry-content-wrapper clearfix'>\n\n<style type=\"text\/css\" data-created_by=\"avia_inline_auto\" id=\"style-css-av-kaidzxie-ce2d35c10df5d277583b12f3bae0cdd4\">\n#top .hr.hr-invisible.av-kaidzxie-ce2d35c10df5d277583b12f3bae0cdd4{\nheight:60px;\n}\n<\/style>\n<div  class='hr av-kaidzxie-ce2d35c10df5d277583b12f3bae0cdd4 hr-invisible  avia-builder-el-1  el_before_av_one_full  avia-builder-el-first  av-desktop-hide'><span class='hr-inner '><span class=\"hr-inner-style\"><\/span><\/span><\/div>\n\n<style type=\"text\/css\" data-created_by=\"avia_inline_auto\" id=\"style-css-av-fz2bt-1ef1936ef7a59251bd8359b75141a0ce\">\n.flex_column.av-fz2bt-1ef1936ef7a59251bd8359b75141a0ce{\n-webkit-border-radius:0px 0px 0px 0px;\n-moz-border-radius:0px 0px 0px 0px;\nborder-radius:0px 0px 0px 0px;\npadding:0px 0px 0px 0px;\n}\n<\/style>\n<div class='flex_column av-fz2bt-1ef1936ef7a59251bd8359b75141a0ce av_one_full  avia-builder-el-2  el_after_av_hr  el_before_av_hr  first flex_column_div av-zero-column-padding '     ><section  class='av_textblock_section av-apmvt-3ae275cb16cfeee09b2b1206975c4ee6'  itemscope=\"itemscope\" itemtype=\"https:\/\/schema.org\/CreativeWork\" ><div class='avia_textblock'  itemprop=\"text\" ><h1>DEMANDEZ VOTRE GUIDE GRATUIT DE LA LOI 25<\/h1>\n<h3>D\u00c9COUVRIR COMMENT RESTER EN CONFORMIT\u00c9 ET \u00c9VITER DE LOURDES TAXES ET P\u00c9NALIT\u00c9S<\/h3>\n<\/div><\/section><br \/>\n\n<style type=\"text\/css\" data-created_by=\"avia_inline_auto\" id=\"style-css-av-kaidzxie-24-b4fe3947d749a6354d3c237da8ead024\">\n#top .hr.av-kaidzxie-24-b4fe3947d749a6354d3c237da8ead024{\nmargin-top:10px;\nmargin-bottom:30px;\n}\n.hr.av-kaidzxie-24-b4fe3947d749a6354d3c237da8ead024 .hr-inner{\nwidth:15%;\nborder-color:#afd135;\n}\n<\/style>\n<div  class='hr av-kaidzxie-24-b4fe3947d749a6354d3c237da8ead024 hr-custom  avia-builder-el-4  el_after_av_textblock  el_before_av_textblock  hr-left hr-icon-no'><span class='hr-inner inner-border-av-border-thin'><span class=\"hr-inner-style\"><\/span><\/span><\/div><br \/>\n<section  class='av_textblock_section av-lvpe5e0u-56a35c23815d87ffe6c7cdd8a29336c9'  itemscope=\"itemscope\" itemtype=\"https:\/\/schema.org\/CreativeWork\" ><div class='avia_textblock'  itemprop=\"text\" ><p>La conformit\u00e9 est devenue un sujet br\u00fblant depuis l&rsquo;adoption de la Loi 25 au Qu\u00e9bec, qui a introduit des r\u00e8glements stricts en mati\u00e8re de protection des renseignements personnels. Cette loi oblige les organisations \u00e0 adopter des mesures rigoureuses pour prot\u00e9ger les informations personnelles, ce qui a un impact significatif sur leur fonctionnement.<\/p>\n<p>Pour vous aider \u00e0 naviguer dans ces nouvelles exigences et \u00e9viter d&rsquo;\u00e9ventuelles amendes et p\u00e9nalit\u00e9s, nous avons cr\u00e9\u00e9 un guide complet.<\/p>\n<div class=\"flex max-w-full flex-col flex-grow\">\n<div class=\"min-h-&#091;20px&#093; text-message flex w-full flex-col items-end gap-2 whitespace-normal break-words &#091;.text-message+&amp;&#093;:mt-5\" dir=\"auto\" data-message-author-role=\"assistant\" data-message-id=\"7ac0fccc-096e-4fff-a681-544d757eebf0\">\n<div class=\"flex w-full flex-col gap-1 empty:hidden first:pt-&#091;3px&#093;\">\n<div class=\"markdown prose w-full break-words dark:prose-invert dark\">\n<p><strong>Ce guide pr\u00e9sente les \u00e9tapes essentielles que vous, en tant que directeur ex\u00e9cutif, devez suivre pour garantir que votre organisation demeure conforme, tout en pr\u00e9servant sa r\u00e9putation et sa s\u00e9curit\u00e9.<\/strong><\/p>\n<\/div>\n<\/div>\n<\/div>\n<\/div>\n<\/div><\/section><\/p><\/div><div  class='hr av-5ivjfj-68805060b5c743ead83608e3a0f6b765 hr-default  avia-builder-el-6  el_after_av_one_full  el_before_av_one_third '><span class='hr-inner '><span class=\"hr-inner-style\"><\/span><\/span><\/div>\n<div class='flex_column av-4ryylr-f922aff9cbfbd0ed8b1e85d218dc30c0 av_one_third  avia-builder-el-7  el_after_av_hr  el_before_av_two_third  first flex_column_div '     ><p>\n<style type=\"text\/css\" data-created_by=\"avia_inline_auto\" id=\"style-css-av-lvpg3fo7-b738391e228c574ba39da0a9b207373f\">\n#top .hr.hr-invisible.av-lvpg3fo7-b738391e228c574ba39da0a9b207373f{\nheight:60px;\n}\n<\/style>\n<div  class='hr av-lvpg3fo7-b738391e228c574ba39da0a9b207373f hr-invisible  avia-builder-el-8  el_before_av_image  avia-builder-el-first '><span class='hr-inner '><span class=\"hr-inner-style\"><\/span><\/span><\/div><br \/>\n\n<style type=\"text\/css\" data-created_by=\"avia_inline_auto\" id=\"style-css-av-lvpe055z-7d5f51b5c0b146059bd9683f08a3abab\">\n.avia-image-container.av-lvpe055z-7d5f51b5c0b146059bd9683f08a3abab img.avia_image{\nbox-shadow:none;\n}\n.avia-image-container.av-lvpe055z-7d5f51b5c0b146059bd9683f08a3abab .av-image-caption-overlay-center{\ncolor:#ffffff;\n}\n<\/style>\n<div  class='avia-image-container av-lvpe055z-7d5f51b5c0b146059bd9683f08a3abab av-styling- avia-align-center  avia-builder-el-9  el_after_av_hr  avia-builder-el-last '   itemprop=\"image\" itemscope=\"itemscope\" itemtype=\"https:\/\/schema.org\/ImageObject\" ><div class=\"avia-image-container-inner\"><div class=\"avia-image-overlay-wrap\"><img decoding=\"async\" class='wp-image-9054 avia-img-lazy-loading-not-9054 avia_image ' src=\"https:\/\/www.infotechmontreal.com\/wp-content\/uploads\/2024\/09\/Non-profit-EDs-guide-to-navigating-Law-25-mockup-selection_FR-222x300.png\" alt='' title='Non-profit ED&#039;s guide to navigating Law 25 mockup-selection_FR'  height=\"300\" width=\"222\"  itemprop=\"thumbnailUrl\" srcset=\"https:\/\/www.infotechmontreal.com\/wp-content\/uploads\/2024\/09\/Non-profit-EDs-guide-to-navigating-Law-25-mockup-selection_FR-222x300.png 222w, https:\/\/www.infotechmontreal.com\/wp-content\/uploads\/2024\/09\/Non-profit-EDs-guide-to-navigating-Law-25-mockup-selection_FR-523x705.png 523w, https:\/\/www.infotechmontreal.com\/wp-content\/uploads\/2024\/09\/Non-profit-EDs-guide-to-navigating-Law-25-mockup-selection_FR.png 688w\" sizes=\"(max-width: 222px) 100vw, 222px\" \/><\/div><\/div><\/div><\/p><\/div><div class='flex_column av-2lroan-87c8cad831f709844687f36b97cc4750 av_two_third  avia-builder-el-10  el_after_av_one_third  avia-builder-el-last  flex_column_div '     ><\/div><\/div><\/div><\/main><!-- close content main element --><\/div><\/div>\n<style type=\"text\/css\" data-created_by=\"avia_inline_auto\" id=\"style-css-av-kufll-5d6f3bfb6fd66ad655ab828ef3262674\">\n.avia-section.av-kufll-5d6f3bfb6fd66ad655ab828ef3262674{\nbackground-repeat:no-repeat;\nbackground-image:url(https:\/\/www.infotechmontreal.com\/wp-content\/uploads\/2020\/05\/single-green-angle.png);\nbackground-position:0% 100%;\nbackground-attachment:scroll;\n}\n<\/style>\n<div id='av_section_2'  class='avia-section av-kufll-5d6f3bfb6fd66ad655ab828ef3262674 main_color avia-section-large avia-no-border-styling  avia-builder-el-12  el_after_av_section  avia-builder-el-last  avia-bg-style-scroll container_wrap sidebar_right'  data-section-bg-repeat='no-repeat'><div class='container av-section-cont-open' ><div class='template-page content  av-content-small alpha units'><div class='post-entry post-entry-type-page post-entry-9055'><div class='entry-content-wrapper clearfix'>\n\n<style type=\"text\/css\" data-created_by=\"avia_inline_auto\" id=\"style-css-av-kaiftxel-84ed79b344c128baf7a054e662166507\">\n#top .hr.hr-invisible.av-kaiftxel-84ed79b344c128baf7a054e662166507{\nheight:60px;\n}\n<\/style>\n<div  class='hr av-kaiftxel-84ed79b344c128baf7a054e662166507 hr-invisible  avia-builder-el-13  avia-builder-el-no-sibling '><span class='hr-inner '><span class=\"hr-inner-style\"><\/span><\/span><\/div>\n<\/div><\/div><\/div><!-- close content main div --><\/div><\/div><div id='after_section_2'  class='main_color av_default_container_wrap container_wrap sidebar_right'  ><div class='container av-section-cont-open' ><div class='template-page content  av-content-small alpha units'><div class='post-entry post-entry-type-page post-entry-9055'><div class='entry-content-wrapper clearfix'><\/p>\n","protected":false},"excerpt":{"rendered":"","protected":false},"author":8,"featured_media":0,"parent":7057,"menu_order":3,"comment_status":"closed","ping_status":"closed","template":"","meta":{"footnotes":""},"class_list":["post-9055","page","type-page","status-publish","hentry"],"_links":{"self":[{"href":"https:\/\/www.infotechmontreal.com\/fr\/wp-json\/wp\/v2\/pages\/9055","targetHints":{"allow":["GET"]}}],"collection":[{"href":"https:\/\/www.infotechmontreal.com\/fr\/wp-json\/wp\/v2\/pages"}],"about":[{"href":"https:\/\/www.infotechmontreal.com\/fr\/wp-json\/wp\/v2\/types\/page"}],"author":[{"embeddable":true,"href":"https:\/\/www.infotechmontreal.com\/fr\/wp-json\/wp\/v2\/users\/8"}],"replies":[{"embeddable":true,"href":"https:\/\/www.infotechmontreal.com\/fr\/wp-json\/wp\/v2\/comments?post=9055"}],"version-history":[{"count":4,"href":"https:\/\/www.infotechmontreal.com\/fr\/wp-json\/wp\/v2\/pages\/9055\/revisions"}],"predecessor-version":[{"id":9057,"href":"https:\/\/www.infotechmontreal.com\/fr\/wp-json\/wp\/v2\/pages\/9055\/revisions\/9057"}],"up":[{"embeddable":true,"href":"https:\/\/www.infotechmontreal.com\/fr\/wp-json\/wp\/v2\/pages\/7057"}],"wp:attachment":[{"href":"https:\/\/www.infotechmontreal.com\/fr\/wp-json\/wp\/v2\/media?parent=9055"}],"curies":[{"name":"wp","href":"https:\/\/api.w.org\/{rel}","templated":true}]}}