{"id":9748,"date":"2024-11-13T14:43:59","date_gmt":"2024-11-13T19:43:59","guid":{"rendered":"https:\/\/www.infotechmontreal.com\/services-informatiques\/user-awareness-training\/"},"modified":"2024-12-06T09:39:39","modified_gmt":"2024-12-06T14:39:39","slug":"formation-sensibilisation-utilisateurs","status":"publish","type":"page","link":"https:\/\/www.infotechmontreal.com\/fr\/services-informatiques\/formation-sensibilisation-utilisateurs\/","title":{"rendered":"Formation \u00e0 la sensibilisation des utilisateurs"},"content":{"rendered":"\n<style type=\"text\/css\" data-created_by=\"avia_inline_auto\" id=\"style-css-av-nj861-c750dca1200856a277f13af4dd124d85\">\n.avia-section.av-nj861-c750dca1200856a277f13af4dd124d85{\nbackground-repeat:no-repeat;\nbackground-image:url(https:\/\/www.infotechmontreal.com\/wp-content\/uploads\/2020\/05\/cyan-angle-reversed-01.png);\nbackground-position:100% 0%;\nbackground-attachment:scroll;\n}\n<\/style>\n<div id='av_section_1'  class='avia-section av-nj861-c750dca1200856a277f13af4dd124d85 main_color avia-section-default avia-no-border-styling  avia-builder-el-0  el_before_av_section  avia-builder-el-first  avia-bg-style-scroll container_wrap sidebar_right'  data-section-bg-repeat='no-repeat'><div class='container av-section-cont-open' ><main  role=\"main\" itemprop=\"mainContentOfPage\"  class='template-page content  av-content-small alpha units'><div class='post-entry post-entry-type-page post-entry-9748'><div class='entry-content-wrapper clearfix'>\n\n<style type=\"text\/css\" data-created_by=\"avia_inline_auto\" id=\"style-css-av-kaidzxie-0dc6278d49681df834c481fff371da7d\">\n#top .hr.hr-invisible.av-kaidzxie-0dc6278d49681df834c481fff371da7d{\nheight:80px;\n}\n<\/style>\n<div  class='hr av-kaidzxie-0dc6278d49681df834c481fff371da7d hr-invisible  avia-builder-el-1  el_before_av_one_full  avia-builder-el-first '><span class='hr-inner '><span class=\"hr-inner-style\"><\/span><\/span><\/div>\n\n<style type=\"text\/css\" data-created_by=\"avia_inline_auto\" id=\"style-css-av-fz2bt-1ef1936ef7a59251bd8359b75141a0ce\">\n.flex_column.av-fz2bt-1ef1936ef7a59251bd8359b75141a0ce{\n-webkit-border-radius:0px 0px 0px 0px;\n-moz-border-radius:0px 0px 0px 0px;\nborder-radius:0px 0px 0px 0px;\npadding:0px 0px 0px 0px;\n}\n<\/style>\n<div class='flex_column av-fz2bt-1ef1936ef7a59251bd8359b75141a0ce av_one_full  avia-builder-el-2  el_after_av_hr  el_before_av_three_fifth  first flex_column_div av-zero-column-padding '     ><section  class='av_textblock_section av-apmvt-3ae275cb16cfeee09b2b1206975c4ee6'  itemscope=\"itemscope\" itemtype=\"https:\/\/schema.org\/CreativeWork\" ><div class='avia_textblock'  itemprop=\"text\" ><h1><strong>SERVICES DE FORMATION DE SENSIBILISATION POUR LES ENTREPRISES<\/strong><\/h1>\n<h2><strong>D\u00c9TECTEZ, PR\u00c9VENEZ ET R\u00c9PONDEZ AUX PRINCIPALES CYBERMENACES D\u2019AUJOURD\u2019HUI<\/strong><\/h2>\n<\/div><\/section><br \/>\n\n<style type=\"text\/css\" data-created_by=\"avia_inline_auto\" id=\"style-css-av-kaidzxie-24-b4fe3947d749a6354d3c237da8ead024\">\n#top .hr.av-kaidzxie-24-b4fe3947d749a6354d3c237da8ead024{\nmargin-top:10px;\nmargin-bottom:30px;\n}\n.hr.av-kaidzxie-24-b4fe3947d749a6354d3c237da8ead024 .hr-inner{\nwidth:15%;\nborder-color:#afd135;\n}\n<\/style>\n<div  class='hr av-kaidzxie-24-b4fe3947d749a6354d3c237da8ead024 hr-custom  avia-builder-el-4  el_after_av_textblock  el_before_av_textblock  hr-left hr-icon-no'><span class='hr-inner inner-border-av-border-thin'><span class=\"hr-inner-style\"><\/span><\/span><\/div><br \/>\n<section  class='av_textblock_section av-m2xd0luy-1e8f18caf84e881dda174442573b7579'  itemscope=\"itemscope\" itemtype=\"https:\/\/schema.org\/CreativeWork\" ><div class='avia_textblock'  itemprop=\"text\" ><blockquote>\n<p>Notre programme de formation de sensibilisation des utilisateurs va au-del\u00e0 des concepts de cybers\u00e9curit\u00e9 de base, <strong>en offrant \u00e0 votre \u00e9quipe des comp\u00e9tences pratiques pour reconna\u00eetre, \u00e9viter et r\u00e9pondre aux cybermenaces r\u00e9elles.<\/strong><\/p>\n<\/blockquote>\n<\/div><\/section><\/p><\/div><div class='flex_column av-8uilf6-952fb17ddd4e46c19ba1c79ed7a7a2d4 av_three_fifth  avia-builder-el-6  el_after_av_one_full  el_before_av_two_fifth  first flex_column_div column-top-margin'     ><section  class='av_textblock_section av-m2xdx27a-6c02f40490e676447d1b066bdfc61d26'  itemscope=\"itemscope\" itemtype=\"https:\/\/schema.org\/CreativeWork\" ><div class='avia_textblock'  itemprop=\"text\" ><p>En tant <a href=\"https:\/\/www.infotechmontreal.com\/fr\/acceuil\/\">qu\u2019entreprise informatique de premier plan \u00e0 Montr\u00e9al<\/a>, nous sommes fiers d\u2019aider des organisations de toutes tailles \u00e0 renforcer leurs mesures de <a href=\"https:\/\/www.infotechmontreal.com\/fr\/securite-des-ti\/cybersecurite\/\">cybers\u00e9curit\u00e9<\/a>. Notre service de formation sensibilise les \u00e9quipes aux connaissances et comp\u00e9tences essentielles pour rester en s\u00e9curit\u00e9 en ligne.<\/p>\n<p><strong>Gr\u00e2ce \u00e0 des vid\u00e9os interactives et \u00e0 des simulations d&rsquo;hame\u00e7onnage<\/strong>, nous donnons \u00e0 vos employ\u00e9s les outils et la prise de conscience n\u00e9cessaires pour identifier les menaces potentielles et adopter les meilleures pratiques pour prot\u00e9ger les donn\u00e9es sensibles.<\/p>\n<\/div><\/section><\/div><div class='flex_column av-7tw802-9c0aa7f8fa5957ee2a013a6e71cd6f34 av_two_fifth  avia-builder-el-8  el_after_av_three_fifth  el_before_av_hr  flex_column_div column-top-margin'     ><style type=\"text\/css\" data-created_by=\"avia_inline_auto\" id=\"style-css-av-m2xe13zs-1c3de0977fc458f6a90db6c9b81bf382\">\n.avia-image-container.av-m2xe13zs-1c3de0977fc458f6a90db6c9b81bf382 img.avia_image{\nbox-shadow:none;\n}\n.avia-image-container.av-m2xe13zs-1c3de0977fc458f6a90db6c9b81bf382 .av-image-caption-overlay-center{\ncolor:#ffffff;\n}\n<\/style>\n<div  class='avia-image-container av-m2xe13zs-1c3de0977fc458f6a90db6c9b81bf382 av-styling-no-styling avia-align-center  avia-builder-el-9  avia-builder-el-no-sibling '   itemprop=\"image\" itemscope=\"itemscope\" itemtype=\"https:\/\/schema.org\/ImageObject\" ><div class=\"avia-image-container-inner\"><div class=\"avia-image-overlay-wrap\"><img decoding=\"async\" class='wp-image-9681 avia-img-lazy-loading-not-9681 avia_image ' src=\"https:\/\/www.infotechmontreal.com\/wp-content\/uploads\/2024\/11\/Leonardo_Phoenix_A_diligently_working_employee_visibly_alarmed_2.jpg\" alt='' title='Leonardo_Phoenix_A_diligently_working_employee_visibly_alarmed_2'  height=\"832\" width=\"1472\"  itemprop=\"thumbnailUrl\" srcset=\"https:\/\/www.infotechmontreal.com\/wp-content\/uploads\/2024\/11\/Leonardo_Phoenix_A_diligently_working_employee_visibly_alarmed_2.jpg 1472w, https:\/\/www.infotechmontreal.com\/wp-content\/uploads\/2024\/11\/Leonardo_Phoenix_A_diligently_working_employee_visibly_alarmed_2-300x170.jpg 300w, https:\/\/www.infotechmontreal.com\/wp-content\/uploads\/2024\/11\/Leonardo_Phoenix_A_diligently_working_employee_visibly_alarmed_2-1030x582.jpg 1030w, https:\/\/www.infotechmontreal.com\/wp-content\/uploads\/2024\/11\/Leonardo_Phoenix_A_diligently_working_employee_visibly_alarmed_2-768x434.jpg 768w, https:\/\/www.infotechmontreal.com\/wp-content\/uploads\/2024\/11\/Leonardo_Phoenix_A_diligently_working_employee_visibly_alarmed_2-705x398.jpg 705w\" sizes=\"(max-width: 1472px) 100vw, 1472px\" \/><\/div><\/div><\/div><\/div>\n<style type=\"text\/css\" data-created_by=\"avia_inline_auto\" id=\"style-css-av-m2xgsfg1-4c68a9fc100c7fe10f620a63d9c3c2fd\">\n#top .hr.hr-invisible.av-m2xgsfg1-4c68a9fc100c7fe10f620a63d9c3c2fd{\nheight:50px;\n}\n<\/style>\n<div  class='hr av-m2xgsfg1-4c68a9fc100c7fe10f620a63d9c3c2fd hr-invisible  avia-builder-el-10  el_after_av_two_fifth  el_before_av_one_full '><span class='hr-inner '><span class=\"hr-inner-style\"><\/span><\/span><\/div>\n<div class='flex_column av-ei0c9u-5e45c9f3fb6a69ce5a80f8e14c226f2f av_one_full  avia-builder-el-11  el_after_av_hr  el_before_av_one_full  first flex_column_div '     ><section  class='av_textblock_section av-m2xe6flf-4b14e4f6dfdd3a731633af31cafb6d08'  itemscope=\"itemscope\" itemtype=\"https:\/\/schema.org\/CreativeWork\" ><div class='avia_textblock'  itemprop=\"text\" ><h2><strong>ANTICIPEZ LES MENACES AVEC DES VID\u00c9OS ET SIMULATIONS DE D\u2019HAME\u00c7ONNAGE ILLIMIT\u00c9ES<\/strong><\/h2>\n<\/div><\/section><br \/>\n\n<style type=\"text\/css\" data-created_by=\"avia_inline_auto\" id=\"style-css-av-m2xgw3du-dd9e150f033c1ca6d5f7e88f4b81af56\">\n#top .hr.hr-invisible.av-m2xgw3du-dd9e150f033c1ca6d5f7e88f4b81af56{\nheight:20px;\n}\n<\/style>\n<div  class='hr av-m2xgw3du-dd9e150f033c1ca6d5f7e88f4b81af56 hr-invisible  avia-builder-el-13  el_after_av_textblock  el_before_av_textblock '><span class='hr-inner '><span class=\"hr-inner-style\"><\/span><\/span><\/div><br \/>\n<section  class='av_textblock_section av-m2xgvskl-cb1a5eb4908a4e92a4df8d8fca9e2da9'  itemscope=\"itemscope\" itemtype=\"https:\/\/schema.org\/CreativeWork\" ><div class='avia_textblock'  itemprop=\"text\" ><p>Notre service de formation de sensibilisation des utilisateurs propose :<\/p>\n<ul>\n<li><strong>Des vid\u00e9os de formation illimit\u00e9es<\/strong> couvrant une vari\u00e9t\u00e9 de sujets en cybers\u00e9curit\u00e9, disponibles \u00e0 tout moment pour votre \u00e9quipe.<\/li>\n<li><strong>Des tableaux de bord personnalisables<\/strong> pour pr\u00e9senter les pratiques de s\u00e9curit\u00e9 pour votre organisation.<\/li>\n<li><strong>Des simulations d&rsquo;hame\u00e7onnage<\/strong> pour aider votre \u00e9quipe \u00e0 reconna\u00eetre et \u00e0 r\u00e9agir face \u00e0 des vrais menaces.<\/li>\n<li><strong>Des rapports d\u00e9taill\u00e9s<\/strong> pour suivre les progr\u00e8s de la formation et identifier les points \u00e0 am\u00e9liorer.<\/li>\n<\/ul>\n<\/div><\/section><br \/>\n\n<style type=\"text\/css\" data-created_by=\"avia_inline_auto\" id=\"style-css-av-m4cup5sb-a24b29f9a480ddb46b527403118bf011\">\n#top .hr.hr-invisible.av-m4cup5sb-a24b29f9a480ddb46b527403118bf011{\nheight:30px;\n}\n<\/style>\n<div  class='hr av-m4cup5sb-a24b29f9a480ddb46b527403118bf011 hr-invisible  avia-builder-el-15  el_after_av_textblock  el_before_av_button_big  avia-builder-el-last '><span class='hr-inner '><span class=\"hr-inner-style\"><\/span><\/span><\/div><br \/>\n<div  class='avia-button-wrap avia-button-center  avia-builder-el-16  el_after_av_hr  avia-builder-el-last '>\n<style type=\"text\/css\" data-created_by=\"avia_inline_auto\" id=\"style-css-av-m4cupyim-b855c43b924ecc760cb33f4f1c2a82e4\">\n#top #wrap_all .avia-button.av-m4cupyim-b855c43b924ecc760cb33f4f1c2a82e4:hover{\ncolor:white;\n-webkit-transition:all 0.4s ease-in-out;\n-moz-transition:all 0.4s ease-in-out;\n-ms-transition:all 0.4s ease-in-out;\n-o-transition:all 0.4s ease-in-out;\ntransition:all 0.4s ease-in-out;\n}\n<\/style>\n<a href='https:\/\/www.infotechmontreal.com\/wp-content\/uploads\/2024\/11\/USER-AWARENESS-TRAINING_FR.pdf' class='avia-color-theme-color avia-font-color-theme-color avia-button avia-button-fullwidth av-m4cupyim-b855c43b924ecc760cb33f4f1c2a82e4 avia-icon_select-no avia-color-theme-color' target=\"_blank\" rel=\"noopener noreferrer\"><span class='avia_iconbox_title' >EN SAVOIR PLUS<\/span><span class='avia_button_background avia-button avia-button-fullwidth avia-color-theme-color-highlight'><\/span><\/a><\/div><\/p><\/div><div class='flex_column av-ca3bqq-32b923ec84c6778bc0a656bcfe31ecec av_one_full  avia-builder-el-17  el_after_av_one_full  el_before_av_one_half  first flex_column_div column-top-margin'     ><section  class='av_textblock_section av-m2xgy84t-0d57c4298fc5acaf2a8f2c6c39f4b8f7'  itemscope=\"itemscope\" itemtype=\"https:\/\/schema.org\/CreativeWork\" ><div class='avia_textblock'  itemprop=\"text\" ><h2><strong>POURQUOI INVESTIR DANS LA FORMATION DE SENSIBILISATION ?<\/strong><\/h2>\n<\/div><\/section><br \/>\n\n<style type=\"text\/css\" data-created_by=\"avia_inline_auto\" id=\"style-css-av-aopzw2-75e47f50048787168a4bc9ae001cad0e\">\n#top .hr.hr-invisible.av-aopzw2-75e47f50048787168a4bc9ae001cad0e{\nheight:20px;\n}\n<\/style>\n<div  class='hr av-aopzw2-75e47f50048787168a4bc9ae001cad0e hr-invisible  avia-builder-el-19  el_after_av_textblock  el_before_av_textblock '><span class='hr-inner '><span class=\"hr-inner-style\"><\/span><\/span><\/div><br \/>\n<section  class='av_textblock_section av-m2xh1pwv-cf77fc062b81dd65199d72d8255ec9d4'  itemscope=\"itemscope\" itemtype=\"https:\/\/schema.org\/CreativeWork\" ><div class='avia_textblock'  itemprop=\"text\" ><p>Investir dans la formation de sensibilisation garantit que vos employ\u00e9s disposent des connaissances n\u00e9cessaires pour identifier les attaques d\u2019hame\u00e7onnage, prot\u00e9ger les informations sensibles et suivre les meilleures pratiques de s\u00e9curit\u00e9. En formant votre \u00e9quipe de mani\u00e8re proactive, vous r\u00e9duisez les risques de violation, am\u00e9liorez votre posture de s\u00e9curit\u00e9 globale et favorisez une culture de sensibilisation dans toute votre organisation.<\/p>\n<p><strong>Les principaux avantages de cette formation incluent :<\/strong><\/p>\n<\/div><\/section><\/p><\/div><div class='flex_column av-8z07bm-e00ce992e87252284a388b75e5d4c3e4 av_one_half  avia-builder-el-21  el_after_av_one_full  el_before_av_one_half  first flex_column_div column-top-margin'     ><style type=\"text\/css\" data-created_by=\"avia_inline_auto\" id=\"style-css-av-m2xh7bq1-8cf6169c02d22eed277b93f94072db4a\">\n#top .avia-icon-list-container.av-m2xh7bq1-8cf6169c02d22eed277b93f94072db4a .iconlist_icon{\ncolor:#afd135;\nbackground-color:#00436c;\n}\n<\/style>\n<div  class='avia-icon-list-container av-m2xh7bq1-8cf6169c02d22eed277b93f94072db4a  avia-builder-el-22  avia-builder-el-no-sibling '><ul class='avia-icon-list avia_animate_when_almost_visible avia-icon-list-left av-iconlist-big av-m2xh7bq1-8cf6169c02d22eed277b93f94072db4a avia-iconlist-animate'>\n<li><div class='iconlist_icon av-m2xh402b-9ae3cf0ad1b64fc449f536273e93098e avia-font-entypo-fontello'><span class='iconlist-char' aria-hidden='true' data-av_icon='\ue824' data-av_iconfont='entypo-fontello'><\/span><\/div><article class=\"article-icon-entry \"  itemscope=\"itemscope\" itemtype=\"https:\/\/schema.org\/CreativeWork\" ><div class=\"iconlist_content_wrap\"><header class=\"entry-content-header\"><h4 class='av_iconlist_title iconlist_title  '  itemprop=\"headline\" >R\u00e9duction du risque de violations de donn\u00e9es<\/h4><\/header><div class='iconlist_content '  itemprop=\"text\" ><p>Gr\u00e2ce \u00e0 des simulations d\u2019hame\u00e7onnage et \u00e0 de vrais sc\u00e9narios, la formation aide les employ\u00e9s \u00e0 comprendre comment prot\u00e9ger les informations sensibles, <strong>minimisant ainsi les risques de fuites accidentelles ou malveillantes.<\/strong><\/p>\n<\/div><\/div><footer class=\"entry-footer\"><\/footer><\/article><div class=\"iconlist-timeline\"><\/div><\/li>\n<li><div class='iconlist_icon av-m2xh638u-e1297ee6c92a13f64173f8cf7b9cbd7e avia-font-fontello-custom-icons'><span class='iconlist-char' aria-hidden='true' data-av_icon='\ue864' data-av_iconfont='fontello-custom-icons'><\/span><\/div><article class=\"article-icon-entry \"  itemscope=\"itemscope\" itemtype=\"https:\/\/schema.org\/CreativeWork\" ><div class=\"iconlist_content_wrap\"><header class=\"entry-content-header\"><h4 class='av_iconlist_title iconlist_title  '  itemprop=\"headline\" >\u00c9conomies sur la r\u00e9ponse aux incidents<\/h4><\/header><div class='iconlist_content '  itemprop=\"text\" ><p>En pr\u00e9venant les violations de s\u00e9curit\u00e9, la formation \u00e0 la sensibilisation <strong>r\u00e9duit le besoin de co\u00fbteuses interventions en cas d&rsquo;incident.<\/strong><\/p>\n<\/div><\/div><footer class=\"entry-footer\"><\/footer><\/article><div class=\"iconlist-timeline\"><\/div><\/li>\n<\/ul><\/div><\/div><div class='flex_column av-7dm0lu-b8d1bed5843285251a135010bb953e23 av_one_half  avia-builder-el-23  el_after_av_one_half  avia-builder-el-last  flex_column_div column-top-margin'     ><style type=\"text\/css\" data-created_by=\"avia_inline_auto\" id=\"style-css-av-m2xh9ool-8de0321c9e38d0b13d611ea0f1a21655\">\n#top .avia-icon-list-container.av-m2xh9ool-8de0321c9e38d0b13d611ea0f1a21655 .iconlist_icon{\ncolor:#afd135;\nbackground-color:#00436c;\n}\n<\/style>\n<div  class='avia-icon-list-container av-m2xh9ool-8de0321c9e38d0b13d611ea0f1a21655  avia-builder-el-24  avia-builder-el-no-sibling '><ul class='avia-icon-list avia_animate_when_almost_visible avia-icon-list-left av-iconlist-big av-m2xh9ool-8de0321c9e38d0b13d611ea0f1a21655 avia-iconlist-animate'>\n<li><div class='iconlist_icon av-m2xh8t7m-b1a29ac98d093f15ea8802663e9cae0f avia-font-entypo-fontello'><span class='iconlist-char' aria-hidden='true' data-av_icon='\ue8de' data-av_iconfont='entypo-fontello'><\/span><\/div><article class=\"article-icon-entry \"  itemscope=\"itemscope\" itemtype=\"https:\/\/schema.org\/CreativeWork\" ><div class=\"iconlist_content_wrap\"><header class=\"entry-content-header\"><h4 class='av_iconlist_title iconlist_title  '  itemprop=\"headline\" >R\u00e9sultats mesurables et suivi des progr\u00e8s<\/h4><\/header><div class='iconlist_content '  itemprop=\"text\" ><p>Des rapports d\u00e9taill\u00e9s et des tableaux de bord fournissent des informations pr\u00e9cieuses sur les progr\u00e8s de votre \u00e9quipe, <strong>aidant \u00e0 identifier les points \u00e0 am\u00e9liorer et garantissant une am\u00e9lioration continue.<\/strong><\/p>\n<\/div><\/div><footer class=\"entry-footer\"><\/footer><\/article><div class=\"iconlist-timeline\"><\/div><\/li>\n<li><div class='iconlist_icon av-m2xh9lgc-4cfa7f29870faf62425f0e8df8c5334d avia-font-entypo-fontello'><span class='iconlist-char' aria-hidden='true' data-av_icon='\ue855' data-av_iconfont='entypo-fontello'><\/span><\/div><article class=\"article-icon-entry \"  itemscope=\"itemscope\" itemtype=\"https:\/\/schema.org\/CreativeWork\" ><div class=\"iconlist_content_wrap\"><header class=\"entry-content-header\"><h4 class='av_iconlist_title iconlist_title  '  itemprop=\"headline\" >Formation adapt\u00e9e aux besoins sp\u00e9cifiques<\/h4><\/header><div class='iconlist_content '  itemprop=\"text\" ><div class=\"flex max-w-full flex-col flex-grow\">\n<div class=\"min-h-8 text-message flex w-full flex-col items-end gap-2 whitespace-normal break-words &#091;.text-message+&amp;&#093;:mt-5\" dir=\"auto\" data-message-author-role=\"assistant\" data-message-id=\"0e2ea0bc-e9da-40db-9e67-3ed53d893ac6\" data-message-model-slug=\"gpt-4o-mini\">\n<div class=\"flex w-full flex-col gap-1 empty:hidden first:pt-&#091;3px&#093;\">\n<div class=\"markdown prose w-full break-words dark:prose-invert dark\">\n<p>Des programmes de formation personnalisables peuvent r\u00e9pondre aux d\u00e9fis et exigences uniques des diff\u00e9rents d\u00e9partements, <strong>garantissant une formation pertinente et efficace pour toutes les \u00e9quipes.<\/strong><\/p>\n<\/div>\n<\/div>\n<\/div>\n<\/div>\n<div class=\"mb-2 flex gap-3 empty:hidden -ml-2\">\n<div class=\"items-center justify-start rounded-xl p-1 flex\">\n<div class=\"flex items-center\">\n<div class=\"flex items-center pb-0\"><\/div>\n<\/div>\n<\/div>\n<\/div>\n<\/div><\/div><footer class=\"entry-footer\"><\/footer><\/article><div class=\"iconlist-timeline\"><\/div><\/li>\n<\/ul><\/div><\/div><\/div><\/div><\/main><!-- close content main element --><\/div><\/div>\n<style type=\"text\/css\" data-created_by=\"avia_inline_auto\" id=\"style-css-av-5txcea-ed5424c97ea85e564f60d4b59e001112\">\n.avia-section.av-5txcea-ed5424c97ea85e564f60d4b59e001112{\nbackground-color:#f8f8f8;\nbackground-image:unset;\n}\n<\/style>\n<div id='av_section_2'  class='avia-section av-5txcea-ed5424c97ea85e564f60d4b59e001112 main_color avia-section-default avia-no-border-styling  avia-builder-el-25  el_after_av_section  avia-builder-el-last  avia-bg-style-scroll container_wrap sidebar_right'  ><div class='container av-section-cont-open' ><div class='template-page content  av-content-small alpha units'><div class='post-entry post-entry-type-page post-entry-9748'><div class='entry-content-wrapper clearfix'>\n<div class='flex_column_table av-4njhua-b7b6566d526a2e2b117cec4e60696d4b sc-av_two_third av-equal-height-column-flextable'><div class='flex_column av-4njhua-b7b6566d526a2e2b117cec4e60696d4b av_two_third  avia-builder-el-26  el_before_av_one_third  avia-builder-el-first  first flex_column_table_cell av-equal-height-column av-align-middle '     ><section  class='av_textblock_section av-m2xhe5cb-2531a09d4b247f4222470ee2e0b89eee'  itemscope=\"itemscope\" itemtype=\"https:\/\/schema.org\/CreativeWork\" ><div class='avia_textblock'  itemprop=\"text\" ><div class=\"flex-shrink-0 flex flex-col relative items-end\">\n<div>\n<div class=\"pt-0\">\n<div class=\"gizmo-bot-avatar flex h-8 w-8 items-center justify-center overflow-hidden rounded-full\">\n<blockquote>\n<h3><strong>PR\u00caT \u00c0 RENFORCER LA S\u00c9CURIT\u00c9 DE VOTRE ORGANISATION ET \u00c0 AUTONOMISER VOTRE \u00c9QUIPE ?<\/strong><\/h3>\n<\/blockquote>\n<\/div>\n<\/div>\n<\/div>\n<\/div>\n<div class=\"flex max-w-full flex-col flex-grow\">\n<div class=\"min-h-8 text-message flex w-full flex-col items-end gap-2 whitespace-normal break-words &#091;.text-message+&amp;&#093;:mt-5\" dir=\"auto\" data-message-author-role=\"assistant\" data-message-id=\"c4be62fb-8bde-476e-8317-549585c140f0\" data-message-model-slug=\"gpt-4o\">\n<div class=\"flex w-full flex-col gap-1 empty:hidden first:pt-&#091;3px&#093;\">\n<div class=\"markdown prose w-full break-words dark:prose-invert dark\">\n<div class=\"mb-2 flex gap-3 empty:hidden -ml-2\">\n<div class=\"items-center justify-start rounded-xl p-1 flex\">\n<div class=\"flex items-center\">\n<div class=\"flex\"><\/div>\n<div class=\"flex items-center pb-0\"><\/div>\n<\/div>\n<\/div>\n<\/div>\n<\/div>\n<\/div>\n<\/div>\n<\/div>\n<\/div><\/section><br \/>\n<section  class='av_textblock_section av-m2xhn5h2-062dd1e25127d98b2c584b7e305b6a5b'  itemscope=\"itemscope\" itemtype=\"https:\/\/schema.org\/CreativeWork\" ><div class='avia_textblock'  itemprop=\"text\" ><div class=\"flex max-w-full flex-col flex-grow\">\n<div class=\"min-h-8 text-message flex w-full flex-col items-end gap-2 whitespace-normal break-words &#091;.text-message+&amp;&#093;:mt-5\" dir=\"auto\" data-message-author-role=\"assistant\" data-message-id=\"c4be62fb-8bde-476e-8317-549585c140f0\" data-message-model-slug=\"gpt-4o\">\n<div class=\"flex w-full flex-col gap-1 empty:hidden first:pt-&#091;3px&#093;\">\n<div class=\"markdown prose w-full break-words dark:prose-invert dark\">\n<div class=\"flex max-w-full flex-col flex-grow\">\n<div class=\"min-h-8 text-message flex w-full flex-col items-end gap-2 whitespace-normal break-words &#091;.text-message+&amp;&#093;:mt-5\" dir=\"auto\" data-message-author-role=\"assistant\" data-message-id=\"7bcd1497-db55-4cdd-aa55-3b43c5bd0249\" data-message-model-slug=\"gpt-4o\">\n<div class=\"flex w-full flex-col gap-1 empty:hidden first:pt-&#091;3px&#093;\">\n<div class=\"markdown prose w-full break-words dark:prose-invert dark\">\n<p>Commencez d\u00e8s aujourd\u2019hui avec notre formation compl\u00e8te de sensibilisation des utilisateurs. Dans le cadre de nos <a href=\"https:\/\/www.infotechmontreal.com\/fr\/services-informatiques\/\">services informatiques<\/a> \u00e0 Montr\u00e9al, nous offrons \u00e0 vos employ\u00e9s les comp\u00e9tences n\u00e9cessaires pour prot\u00e9ger votre entreprise.<\/p>\n<\/div>\n<\/div>\n<\/div>\n<\/div>\n<div class=\"mb-2 flex gap-3 empty:hidden -ml-2\">\n<div class=\"items-center justify-start rounded-xl p-1 flex\">\n<div class=\"flex items-center\">\n<div class=\"flex\"><\/div>\n<div class=\"flex items-center pb-0\"><\/div>\n<\/div>\n<\/div>\n<\/div>\n<\/div>\n<\/div>\n<\/div>\n<\/div>\n<\/div><\/section><\/p><\/div><div class='av-flex-placeholder'><\/div><div class='flex_column av-2ndjlu-da775eb768b343fcf0bc8bd9cb50e2f6 av_one_third  avia-builder-el-29  el_after_av_two_third  avia-builder-el-last  flex_column_table_cell av-equal-height-column av-align-middle '     ><div  class='avia-button-wrap avia-button-center  avia-builder-el-30  avia-builder-el-no-sibling '>\n<style type=\"text\/css\" data-created_by=\"avia_inline_auto\" id=\"style-css-av-m2xhfvkn-58841ea4be1eb1df007d1053bc218ddc\">\n#top #wrap_all .avia-button.av-m2xhfvkn-58841ea4be1eb1df007d1053bc218ddc:hover{\ncolor:white;\n-webkit-transition:all 0.4s ease-in-out;\n-moz-transition:all 0.4s ease-in-out;\n-ms-transition:all 0.4s ease-in-out;\n-o-transition:all 0.4s ease-in-out;\ntransition:all 0.4s ease-in-out;\n}\n<\/style>\n<a href='https:\/\/www.infotechmontreal.com\/fr\/nous-joindre\/' class='avia-color-theme-color avia-font-color-theme-color avia-button avia-button-fullwidth av-m2xhfvkn-58841ea4be1eb1df007d1053bc218ddc avia-icon_select-no avia-color-theme-color'  ><span class='avia_iconbox_title' >COMMUNIQUEZ AVEC NOUS<\/span><span class='avia_button_background avia-button avia-button-fullwidth avia-color-theme-color-highlight'><\/span><\/a><\/div><\/div><\/div><!--close column table wrapper. Autoclose: 1 -->\n<\/div><\/div><\/div><!-- close content main div --><\/div><\/div><div id='after_section_2'  class='main_color av_default_container_wrap container_wrap sidebar_right'  ><div class='container av-section-cont-open' ><div class='template-page content  av-content-small alpha units'><div class='post-entry post-entry-type-page post-entry-9748'><div class='entry-content-wrapper clearfix'><\/p>\n","protected":false},"excerpt":{"rendered":"","protected":false},"author":8,"featured_media":0,"parent":7010,"menu_order":3,"comment_status":"closed","ping_status":"closed","template":"","meta":{"footnotes":""},"class_list":["post-9748","page","type-page","status-publish","hentry"],"_links":{"self":[{"href":"https:\/\/www.infotechmontreal.com\/fr\/wp-json\/wp\/v2\/pages\/9748","targetHints":{"allow":["GET"]}}],"collection":[{"href":"https:\/\/www.infotechmontreal.com\/fr\/wp-json\/wp\/v2\/pages"}],"about":[{"href":"https:\/\/www.infotechmontreal.com\/fr\/wp-json\/wp\/v2\/types\/page"}],"author":[{"embeddable":true,"href":"https:\/\/www.infotechmontreal.com\/fr\/wp-json\/wp\/v2\/users\/8"}],"replies":[{"embeddable":true,"href":"https:\/\/www.infotechmontreal.com\/fr\/wp-json\/wp\/v2\/comments?post=9748"}],"version-history":[{"count":10,"href":"https:\/\/www.infotechmontreal.com\/fr\/wp-json\/wp\/v2\/pages\/9748\/revisions"}],"predecessor-version":[{"id":10291,"href":"https:\/\/www.infotechmontreal.com\/fr\/wp-json\/wp\/v2\/pages\/9748\/revisions\/10291"}],"up":[{"embeddable":true,"href":"https:\/\/www.infotechmontreal.com\/fr\/wp-json\/wp\/v2\/pages\/7010"}],"wp:attachment":[{"href":"https:\/\/www.infotechmontreal.com\/fr\/wp-json\/wp\/v2\/media?parent=9748"}],"curies":[{"name":"wp","href":"https:\/\/api.w.org\/{rel}","templated":true}]}}